{"id":5592,"date":"2016-12-05T09:17:34","date_gmt":"2016-12-05T09:17:34","guid":{"rendered":"http:\/\/demo.wpzoom.com\/inspiro\/?page_id=5592"},"modified":"2025-03-29T10:08:28","modified_gmt":"2025-03-29T10:08:28","slug":"about","status":"publish","type":"page","link":"https:\/\/umraniyegunlukkiralik.com\/?page_id=5592","title":{"rendered":"Hakk\u0131m\u0131zda"},"content":{"rendered":"\n<div class=\"wp-block-group\"><div class=\"wp-block-group__inner-container is-layout-constrained wp-block-group-is-layout-constrained\">\n<p>   Biz \u00dcmraniye G\u00fcnl\u00fck Kiral\u0131k Daireler olarak, \u0130stanbul&#8217;un enerjisiyle dolu bu b\u00fcy\u00fcleyici semtinde konforlu ve evinizde gibi hissedece\u011finiz bir konaklama deneyimi sunmaya kararl\u0131y\u0131z. Misafirlerimize unutulmaz anlar ya\u015fatmak i\u00e7in buraday\u0131z.<\/p>\n\n\n\n<p>   \u00dcmraniye, \u0130stanbul&#8217;un g\u00fczel bir semti ve bir\u00e7ok turistik ve i\u015f ama\u00e7l\u0131 ziyaret\u00e7iye ev sahipli\u011fi yapmaktad\u0131r. Dairelerimiz hakk\u0131nda daha fazla bilgi vermek veya rezervasyon yapmak isteyen misafirleriniz i\u00e7in baz\u0131 ek bilgiler vermek isterim. <\/p>\n\n\n\n<p>   Dairelerimiz konum olarak Mehmet Akif Mahallesi Tavuk\u00e7uyolu Caddesi, Dilek Sk. No:2&#8217;de bulunmaktad\u0131r. Metro ve di\u011fer ula\u015f\u0131m ara\u00e7lar\u0131na y\u00fcr\u00fcme mesafesindedir. \u00dcmraniye Sosyal G\u00fcvenlik Merkezinin yak\u0131n\u0131ndad\u0131r.<\/p>\n\n\n\n<p>   Dairelerimizin g\u00fcnl\u00fck kiralama fiyatlar\u0131, konaklama s\u00fcresine, daire tipine g\u00f6re de\u011fi\u015fiklik g\u00f6stermektedir.<\/p>\n\n\n\n<p>   Dairelerimizde&nbsp;\u00e7ift ki\u015filik yatak,&nbsp;rahat bir oturma alan\u0131,&nbsp;\u00e7al\u0131\u015fma masas\u0131,&nbsp;mini bar,&nbsp;Wi-Fi,&nbsp;Smart TV&nbsp;ve&nbsp;klima&nbsp;gibi olanaklar mevcuttur. Ayr\u0131ca,&nbsp;\u00e7ay-kahve&nbsp;seti ve su \u0131s\u0131t\u0131c\u0131s\u0131 da bulunmaktad\u0131r. G\u00fcvenli bir konaklama i\u00e7in&nbsp;7\/24&nbsp;saat resepsiyon hizmeti sunulmaktad\u0131r. Ayr\u0131ca,&nbsp;arac\u0131n\u0131z\u0131 park&nbsp;edebilece\u011finiz a\u00e7\u0131k otopark alan\u0131m\u0131z da mevcuttur.<\/p>\n\n\n\n<p>   Konukseverli\u011fimiz ve profesyonelli\u011fimiz, sizin i\u00e7in unutulmaz bir tatil ya da i\u015f seyahati deneyimi yaratma taahh\u00fcd\u00fcm\u00fcz\u00fc yans\u0131t\u0131yor. Her dairemiz, modern tasar\u0131mlar\u0131, konforlu yataklar\u0131 ve ihtiya\u00e7lar\u0131n\u0131za cevap verecek \u015fekilde donat\u0131lm\u0131\u015f mutfaklar\u0131yla konaklaman\u0131z\u0131 rahat ve keyifli hale getirmek i\u00e7in \u00f6zenle tasarlanm\u0131\u015ft\u0131r.<\/p>\n\n\n\n<p>   \u00dcmraniye&#8217;nin k\u00fclt\u00fcrel ve turistik cazibesini ke\u015ffederken, sizi rahat bir yuva s\u0131cakl\u0131\u011f\u0131nda a\u011f\u0131rlamaktan mutluluk duyuyoruz. Her misafirimiz i\u00e7in ki\u015fiselle\u015ftirilmi\u015f hizmet sunmak ve her ihtiyac\u0131n\u0131za cevap vermek i\u00e7in buraday\u0131z.<\/p>\n\n\n\n<p>   Sizleri \u00dcmraniye G\u00fcnl\u00fck Kiral\u0131k Daireler&#8217;de a\u011f\u0131rlamak i\u00e7in sab\u0131rs\u0131zlan\u0131yoruz ve unutulmaz an\u0131lar biriktirmeniz i\u00e7in elimizden gelen her \u015feyi yapmaya haz\u0131r\u0131z. Bizimle kal\u0131n, \u0130stanbul&#8217;un b\u00fcy\u00fcleyici atmosferini ve \u00dcmraniye&#8217;nin s\u0131cakl\u0131\u011f\u0131n\u0131 ke\u015ffedin.<\/p>\n\n\n\n<h2 class=\"wp-block-heading has-text-align-center\">Hizmetlerimiz<\/h2>\n\n\n\n<div style=\"height:17px\" aria-hidden=\"true\" class=\"wp-block-spacer\"><\/div>\n\n\n\n<figure class=\"wp-block-gallery has-nested-images columns-8 is-cropped wp-block-gallery-1 is-layout-flex wp-block-gallery-is-layout-flex\">\n<figure class=\"wp-block-image size-large is-resized\"><img decoding=\"async\" data-id=\"61\" src=\"https:\/\/umraniyegunluk.com\/wp-content\/uploads\/2023\/10\/a4.png\" alt=\"\" class=\"wp-image-61\" style=\"object-fit:contain;width:64px;height:64px\"\/><\/figure>\n\n\n\n<figure class=\"wp-block-image size-large is-resized\"><img decoding=\"async\" data-id=\"59\" src=\"https:\/\/umraniyegunluk.com\/wp-content\/uploads\/2023\/10\/a6.png\" alt=\"\" class=\"wp-image-59\" style=\"object-fit:contain;width:64px;height:64px\"\/><\/figure>\n\n\n\n<figure class=\"wp-block-image size-large is-resized\"><img decoding=\"async\" data-id=\"60\" src=\"https:\/\/umraniyegunluk.com\/wp-content\/uploads\/2023\/10\/a7.png\" alt=\"\" class=\"wp-image-60\" style=\"object-fit:contain;width:64px;height:64px\"\/><\/figure>\n\n\n\n<figure class=\"wp-block-image size-large is-resized\"><img decoding=\"async\" data-id=\"54\" src=\"https:\/\/umraniyegunluk.com\/wp-content\/uploads\/2023\/10\/a13.png\" alt=\"\" class=\"wp-image-54\" style=\"object-fit:contain;width:64px;height:64px\"\/><\/figure>\n\n\n\n<figure class=\"wp-block-image size-large is-resized\"><img decoding=\"async\" data-id=\"55\" src=\"https:\/\/umraniyegunluk.com\/wp-content\/uploads\/2023\/10\/a1.png\" alt=\"\" class=\"wp-image-55\" style=\"object-fit:contain;width:64px;height:64px\"\/><\/figure>\n\n\n\n<figure class=\"wp-block-image size-large is-resized\"><img decoding=\"async\" data-id=\"63\" src=\"https:\/\/umraniyegunluk.com\/wp-content\/uploads\/2023\/10\/a9.png\" alt=\"\" class=\"wp-image-63\" style=\"object-fit:contain;width:64px;height:64px\"\/><\/figure>\n\n\n\n<figure class=\"wp-block-image size-large is-resized\"><img decoding=\"async\" data-id=\"62\" src=\"https:\/\/umraniyegunluk.com\/wp-content\/uploads\/2023\/10\/a3.png\" alt=\"\" class=\"wp-image-62\" style=\"object-fit:contain;width:64px;height:64px\"\/><\/figure>\n\n\n\n<figure class=\"wp-block-image size-large is-resized\"><img decoding=\"async\" data-id=\"57\" src=\"https:\/\/umraniyegunluk.com\/wp-content\/uploads\/2023\/10\/a8.png\" alt=\"\" class=\"wp-image-57\" style=\"object-fit:contain;width:64px;height:64px\"\/><\/figure>\n<\/figure>\n\n\n\n<div style=\"height:20px\" aria-hidden=\"true\" class=\"wp-block-spacer\"><\/div>\n<\/div><\/div>\n","protected":false},"excerpt":{"rendered":"<p>Biz \u00dcmraniye G\u00fcnl\u00fck Kiral\u0131k Daireler olarak, \u0130stanbul&#8217;un enerjisiyle dolu bu b\u00fcy\u00fcleyici semtinde konforlu ve evinizde gibi hissedece\u011finiz bir konaklama deneyimi sunmaya kararl\u0131y\u0131z. Misafirlerimize unutulmaz anlar ya\u015fatmak i\u00e7in buraday\u0131z. \u00dcmraniye, \u0130stanbul&#8217;un g\u00fczel bir semti ve bir\u00e7ok turistik ve i\u015f ama\u00e7l\u0131 ziyaret\u00e7iye ev sahipli\u011fi yapmaktad\u0131r. Dairelerimiz hakk\u0131nda daha fazla bilgi vermek veya rezervasyon yapmak isteyen misafirleriniz i\u00e7in [&hellip;]<\/p>\n","protected":false},"author":1,"featured_media":6763,"parent":0,"menu_order":0,"comment_status":"closed","ping_status":"closed","template":"","meta":{"_monsterinsights_skip_tracking":false,"_monsterinsights_sitenote_active":false,"_monsterinsights_sitenote_note":"","_monsterinsights_sitenote_category":0,"footnotes":""},"class_list":["post-5592","page","type-page","status-publish","has-post-thumbnail","hentry"],"aioseo_notices":[],"_links":{"self":[{"href":"https:\/\/umraniyegunlukkiralik.com\/index.php?rest_route=\/wp\/v2\/pages\/5592","targetHints":{"allow":["GET"]}}],"collection":[{"href":"https:\/\/umraniyegunlukkiralik.com\/index.php?rest_route=\/wp\/v2\/pages"}],"about":[{"href":"https:\/\/umraniyegunlukkiralik.com\/index.php?rest_route=\/wp\/v2\/types\/page"}],"author":[{"embeddable":true,"href":"https:\/\/umraniyegunlukkiralik.com\/index.php?rest_route=\/wp\/v2\/users\/1"}],"replies":[{"embeddable":true,"href":"https:\/\/umraniyegunlukkiralik.com\/index.php?rest_route=%2Fwp%2Fv2%2Fcomments&post=5592"}],"version-history":[{"count":30,"href":"https:\/\/umraniyegunlukkiralik.com\/index.php?rest_route=\/wp\/v2\/pages\/5592\/revisions"}],"predecessor-version":[{"id":6932,"href":"https:\/\/umraniyegunlukkiralik.com\/index.php?rest_route=\/wp\/v2\/pages\/5592\/revisions\/6932"}],"wp:featuredmedia":[{"embeddable":true,"href":"https:\/\/umraniyegunlukkiralik.com\/index.php?rest_route=\/wp\/v2\/media\/6763"}],"wp:attachment":[{"href":"https:\/\/umraniyegunlukkiralik.com\/index.php?rest_route=%2Fwp%2Fv2%2Fmedia&parent=5592"}],"curies":[{"name":"wp","href":"https:\/\/api.w.org\/{rel}","templated":true}]}}